{"id":1806,"date":"2023-11-14T08:17:35","date_gmt":"2023-11-14T08:17:35","guid":{"rendered":"http:\/\/portshuttle-rotterdam.com\/?page_id=1806"},"modified":"2024-07-29T15:06:40","modified_gmt":"2024-07-29T15:06:40","slug":"datenschutzbestimmungen","status":"publish","type":"page","link":"https:\/\/portshuttle-rotterdam.com\/de\/datenschutzbestimmungen\/","title":{"rendered":"Datenschutzbestimmungen"},"content":{"rendered":"[vc_row type=&#8220;in_container&#8220; full_screen_row_position=&#8220;middle&#8220; column_margin=&#8220;default&#8220; column_direction=&#8220;default&#8220; column_direction_tablet=&#8220;default&#8220; column_direction_phone=&#8220;default&#8220; scene_position=&#8220;center&#8220; text_color=&#8220;dark&#8220; text_align=&#8220;left&#8220; row_border_radius=&#8220;none&#8220; row_border_radius_applies=&#8220;bg&#8220; overflow=&#8220;visible&#8220; overlay_strength=&#8220;0.3&#8243; gradient_direction=&#8220;left_to_right&#8220; shape_divider_position=&#8220;bottom&#8220; bg_image_animation=&#8220;none&#8220;][vc_column column_padding=&#8220;no-extra-padding&#8220; column_padding_tablet=&#8220;inherit&#8220; column_padding_phone=&#8220;inherit&#8220; column_padding_position=&#8220;all&#8220; column_element_direction_desktop=&#8220;default&#8220; column_element_spacing=&#8220;default&#8220; desktop_text_alignment=&#8220;default&#8220; tablet_text_alignment=&#8220;default&#8220; phone_text_alignment=&#8220;default&#8220; background_color_opacity=&#8220;1&#8243; background_hover_color_opacity=&#8220;1&#8243; column_backdrop_filter=&#8220;none&#8220; column_shadow=&#8220;none&#8220; column_border_radius=&#8220;none&#8220; column_link_target=&#8220;_self&#8220; column_position=&#8220;default&#8220; gradient_direction=&#8220;left_to_right&#8220; overlay_strength=&#8220;0.3&#8243; width=&#8220;1\/1&#8243; tablet_width_inherit=&#8220;default&#8220; animation_type=&#8220;default&#8220; bg_image_animation=&#8220;none&#8220; border_type=&#8220;simple&#8220; column_border_width=&#8220;none&#8220; column_border_style=&#8220;solid&#8220;][vc_column_text]\r\n<h2 class=\"wp-block-heading\"><\/h2>\r\n<h2 class=\"is-style-stroke wp-block-heading\">Datenschutzerkl\u00e4rung PortShuttle Rotterdam B.V.<\/h2>\r\n<p><strong>PortShuttle Rotterdam B.V. als verantwortliche<\/strong><br \/>PortShuttle Rotterdam B.V. (nachstehend bezeichnet als: PortShuttle) ist eine Tochtergesellschaft von Havenbedrijf Rotterdam N.V. (Hafenbetrieb Rotterdam), ist jedoch selbst f\u00fcr die Einhaltung und Durchsetzung der Rechtsvorschriften zum Datenschutz verantwortlich. Da PortShuttle ein kleines Unternehmen im Bereich Containertransport ist und dabei vor allem f\u00fcr Business-to-Business verantwortlich ist, werden personenbezogene Daten in begrenztem Umfang verarbeitet.<\/p>\r\n<p><strong>Tragweite dieser allgemeinen Datenschutzerkl\u00e4rung<\/strong><br \/>In dieser Datenschutzerkl\u00e4rung finden sich Informationen zur Verarbeitung Ihrer personenbezogenen Daten seitens PortShuttle. Zudem werden Sie dar\u00fcber informiert, wie Sie sich mit uns in Verbindung setzen k\u00f6nnen und wie Sie Ihre Rechte aus\u00fcben k\u00f6nnen.<\/p>\r\n<p><strong>Die Arbeit im Hafen bedeutet f\u00fcr PortShuttle nach wie vor den Kontakt mit den Menschen.<\/strong><br \/>Pers\u00f6nlicher Kontakt steht bei PortShuttle an erster Stelle, und unsere Mitarbeiter helfen Ihnen jeden Tag gerne weiter. Die Arbeit im Hafen bedeutet f\u00fcr uns nach wie vor den Kontakt mit den Menschen. PortShuttle verarbeitet Ihre\u00a0personenbezogenen Daten auf sorgf\u00e4ltige und sichere Weise unter Einhaltung der geltenden gesetzlichen Vorschriften.<\/p>\r\n<p><strong>Die Verarbeitung von personenbezogenen Daten mit gesch\u00e4ftlichem Charakter<\/strong><br \/>PortShuttle verarbeitet von den eigenen Kunden, Zulieferern und sonstigen Gesch\u00e4ftsbeziehungen ausschlie\u00dflich die f\u00fcr die eigene gesch\u00e4ftliche Dienstleistung beim Containertransport sowie f\u00fcr die damit verbundene finanzielle Verarbeitung erforderlichen Kontaktdaten.<br \/>Zudem verarbeitet PortShuttle Ihre Daten im Rahmen der Kundenbetreuung. Beispielsweise dazu, Sie \u00fcber eine \u00c4nderung bei den Tarifen und Konditionen zu informieren. Ihre Daten werden nicht l\u00e4nger als erforderlich zu den vorstehend genannten Zwecken gespeichert und den gesetzlichen Bestimmungen entsprechend gel\u00f6scht.<\/p>\r\n<p class=\"is-style-default\"><strong>Weitergabe von personenbezogenen Daten an Dritte<\/strong><br \/>Portshuttle gibt an Dritte keine personenbezogenen Daten weiter, au\u00dfer in \u00dcbereinstimmung mit dem Gesetz, auf Ihre Anfrage hin, oder an Bearbeiter, die bestimmte T\u00e4tigkeiten im Auftrag von PortShuttle ausf\u00fchren. In diesen F\u00e4llen treffen wir Vereinbarungen mit den anderen Parteien zum Schutz Ihrer personenbezogenen Daten<\/p>\r\n<p><strong>Allgemeine Frage zur Verarbeitung Ihrer Daten?<\/strong><br \/>Wenden Sie sich bitte an PortShuttle unter: info@portshuttle-rotterdam.com<\/p>\r\n<p><strong>Haben Sie eine Bitte im Hinblick auf Ihre Daten?<\/strong><br \/>Sie k\u00f6nnen PortShuttle um Einsichtnahme bitten oder einen anderen Antrag im Hinblick auf Ihre personenbezogenen Daten stellen. Benutzen Sie dazu bitte das Formular auf der Website.<\/p>\r\n<p><strong>Beschwerde-Einlegung bei der (niederl\u00e4ndischen) Beh\u00f6rde f\u00fcr personenbezogene Daten (Autorit\u00e4t Persoonsgegevens)<\/strong><br \/>Sie k\u00f6nnen bei dieser Beh\u00f6rde f\u00fcr personenbezogene Daten hinsichtlich der Verarbeitung Ihrer personenbezogenen Daten seitens PortShuttle Beschwerde einlegen. Wir hoffen jedoch zun\u00e4chst, mit Ihnen zu einer Einigung zu gelangen. Weitere Informationen zur Beschwerdebehandlung seitens der Beh\u00f6rde f\u00fcr personenbezogene Daten finden Sie unter: https:\/\/www.autoriteitpersoonsgegevens.nl<\/p>\r\n<h2><\/h2>\r\n[\/vc_column_text][\/vc_column][\/vc_row]","protected":false},"excerpt":{"rendered":"<p>[vc_row type=&#8220;in_container&#8220; full_screen_row_position=&#8220;middle&#8220; column_margin=&#8220;default&#8220; column_direction=&#8220;default&#8220; column_direction_tablet=&#8220;default&#8220; column_direction_phone=&#8220;default&#8220; scene_position=&#8220;center&#8220; text_color=&#8220;dark&#8220; text_align=&#8220;left&#8220; row_border_radius=&#8220;none&#8220; row_border_radius_applies=&#8220;bg&#8220; overflow=&#8220;visible&#8220; overlay_strength=&#8220;0.3&#8243; gradient_direction=&#8220;left_to_right&#8220; shape_divider_position=&#8220;bottom&#8220; bg_image_animation=&#8220;none&#8220;][vc_column column_padding=&#8220;no-extra-padding&#8220; column_padding_tablet=&#8220;inherit&#8220; column_padding_phone=&#8220;inherit&#8220; column_padding_position=&#8220;all&#8220; column_element_direction_desktop=&#8220;default&#8220; column_element_spacing=&#8220;default&#8220; desktop_text_alignment=&#8220;default&#8220; tablet_text_alignment=&#8220;default&#8220; phone_text_alignment=&#8220;default&#8220; background_color_opacity=&#8220;1&#8243; background_hover_color_opacity=&#8220;1&#8243; column_backdrop_filter=&#8220;none&#8220; column_shadow=&#8220;none&#8220;&#8230;<\/p>\n","protected":false},"author":1,"featured_media":0,"parent":0,"menu_order":0,"comment_status":"closed","ping_status":"open","template":"","meta":{"inline_featured_image":false,"footnotes":""},"class_list":["post-1806","page","type-page","status-publish"],"yoast_head":"<!-- This site is optimized with the Yoast SEO plugin v26.8 - https:\/\/yoast.com\/product\/yoast-seo-wordpress\/ -->\n<title>Datenschutzbestimmungen - PortShuttle Rotterdam<\/title>\n<meta name=\"robots\" content=\"noindex, nofollow\" \/>\n<meta property=\"og:locale\" content=\"de_DE\" \/>\n<meta property=\"og:type\" content=\"article\" \/>\n<meta property=\"og:title\" content=\"Datenschutzbestimmungen - PortShuttle Rotterdam\" \/>\n<meta property=\"og:description\" content=\"[vc_row type=&#8220;in_container&#8220; full_screen_row_position=&#8220;middle&#8220; column_margin=&#8220;default&#8220; column_direction=&#8220;default&#8220; column_direction_tablet=&#8220;default&#8220; column_direction_phone=&#8220;default&#8220; scene_position=&#8220;center&#8220; text_color=&#8220;dark&#8220; text_align=&#8220;left&#8220; row_border_radius=&#8220;none&#8220; row_border_radius_applies=&#8220;bg&#8220; overflow=&#8220;visible&#8220; overlay_strength=&#8220;0.3&#8243; gradient_direction=&#8220;left_to_right&#8220; shape_divider_position=&#8220;bottom&#8220; bg_image_animation=&#8220;none&#8220;][vc_column column_padding=&#8220;no-extra-padding&#8220; column_padding_tablet=&#8220;inherit&#8220; column_padding_phone=&#8220;inherit&#8220; column_padding_position=&#8220;all&#8220; column_element_direction_desktop=&#8220;default&#8220; column_element_spacing=&#8220;default&#8220; desktop_text_alignment=&#8220;default&#8220; tablet_text_alignment=&#8220;default&#8220; phone_text_alignment=&#8220;default&#8220; background_color_opacity=&#8220;1&#8243; background_hover_color_opacity=&#8220;1&#8243; column_backdrop_filter=&#8220;none&#8220; column_shadow=&#8220;none&#8220;...\" \/>\n<meta property=\"og:url\" content=\"https:\/\/portshuttle-rotterdam.com\/de\/datenschutzbestimmungen\/\" \/>\n<meta property=\"og:site_name\" content=\"PortShuttle Rotterdam\" \/>\n<meta property=\"article:modified_time\" content=\"2024-07-29T15:06:40+00:00\" \/>\n<meta name=\"twitter:card\" content=\"summary_large_image\" \/>\n<meta name=\"twitter:label1\" content=\"Gesch\u00e4tzte Lesezeit\" \/>\n\t<meta name=\"twitter:data1\" content=\"2\u00a0Minuten\" \/>\n<script type=\"application\/ld+json\" class=\"yoast-schema-graph\">{\"@context\":\"https:\/\/schema.org\",\"@graph\":[{\"@type\":\"WebPage\",\"@id\":\"https:\/\/portshuttle-rotterdam.com\/de\/datenschutzbestimmungen\/\",\"url\":\"https:\/\/portshuttle-rotterdam.com\/de\/datenschutzbestimmungen\/\",\"name\":\"Datenschutzbestimmungen - PortShuttle Rotterdam\",\"isPartOf\":{\"@id\":\"https:\/\/portshuttle-rotterdam.com\/#website\"},\"datePublished\":\"2023-11-14T08:17:35+00:00\",\"dateModified\":\"2024-07-29T15:06:40+00:00\",\"breadcrumb\":{\"@id\":\"https:\/\/portshuttle-rotterdam.com\/de\/datenschutzbestimmungen\/#breadcrumb\"},\"inLanguage\":\"de\",\"potentialAction\":[{\"@type\":\"ReadAction\",\"target\":[\"https:\/\/portshuttle-rotterdam.com\/de\/datenschutzbestimmungen\/\"]}]},{\"@type\":\"BreadcrumbList\",\"@id\":\"https:\/\/portshuttle-rotterdam.com\/de\/datenschutzbestimmungen\/#breadcrumb\",\"itemListElement\":[{\"@type\":\"ListItem\",\"position\":1,\"name\":\"Home\",\"item\":\"https:\/\/portshuttle-rotterdam.com\/de\/\"},{\"@type\":\"ListItem\",\"position\":2,\"name\":\"Datenschutzbestimmungen\"}]},{\"@type\":\"WebSite\",\"@id\":\"https:\/\/portshuttle-rotterdam.com\/#website\",\"url\":\"https:\/\/portshuttle-rotterdam.com\/\",\"name\":\"PortShuttle Rotterdam\",\"description\":\"\",\"alternateName\":\"PortShuttle Rotterdam\",\"potentialAction\":[{\"@type\":\"SearchAction\",\"target\":{\"@type\":\"EntryPoint\",\"urlTemplate\":\"https:\/\/portshuttle-rotterdam.com\/?s={search_term_string}\"},\"query-input\":{\"@type\":\"PropertyValueSpecification\",\"valueRequired\":true,\"valueName\":\"search_term_string\"}}],\"inLanguage\":\"de\"}]}<\/script>\n<!-- \/ Yoast SEO plugin. -->","yoast_head_json":{"title":"Datenschutzbestimmungen - PortShuttle Rotterdam","robots":{"index":"noindex","follow":"nofollow"},"og_locale":"de_DE","og_type":"article","og_title":"Datenschutzbestimmungen - PortShuttle Rotterdam","og_description":"[vc_row type=&#8220;in_container&#8220; full_screen_row_position=&#8220;middle&#8220; column_margin=&#8220;default&#8220; column_direction=&#8220;default&#8220; column_direction_tablet=&#8220;default&#8220; column_direction_phone=&#8220;default&#8220; scene_position=&#8220;center&#8220; text_color=&#8220;dark&#8220; text_align=&#8220;left&#8220; row_border_radius=&#8220;none&#8220; row_border_radius_applies=&#8220;bg&#8220; overflow=&#8220;visible&#8220; overlay_strength=&#8220;0.3&#8243; gradient_direction=&#8220;left_to_right&#8220; shape_divider_position=&#8220;bottom&#8220; bg_image_animation=&#8220;none&#8220;][vc_column column_padding=&#8220;no-extra-padding&#8220; column_padding_tablet=&#8220;inherit&#8220; column_padding_phone=&#8220;inherit&#8220; column_padding_position=&#8220;all&#8220; column_element_direction_desktop=&#8220;default&#8220; column_element_spacing=&#8220;default&#8220; desktop_text_alignment=&#8220;default&#8220; tablet_text_alignment=&#8220;default&#8220; phone_text_alignment=&#8220;default&#8220; background_color_opacity=&#8220;1&#8243; background_hover_color_opacity=&#8220;1&#8243; column_backdrop_filter=&#8220;none&#8220; column_shadow=&#8220;none&#8220;...","og_url":"https:\/\/portshuttle-rotterdam.com\/de\/datenschutzbestimmungen\/","og_site_name":"PortShuttle Rotterdam","article_modified_time":"2024-07-29T15:06:40+00:00","twitter_card":"summary_large_image","twitter_misc":{"Gesch\u00e4tzte Lesezeit":"2\u00a0Minuten"},"schema":{"@context":"https:\/\/schema.org","@graph":[{"@type":"WebPage","@id":"https:\/\/portshuttle-rotterdam.com\/de\/datenschutzbestimmungen\/","url":"https:\/\/portshuttle-rotterdam.com\/de\/datenschutzbestimmungen\/","name":"Datenschutzbestimmungen - PortShuttle Rotterdam","isPartOf":{"@id":"https:\/\/portshuttle-rotterdam.com\/#website"},"datePublished":"2023-11-14T08:17:35+00:00","dateModified":"2024-07-29T15:06:40+00:00","breadcrumb":{"@id":"https:\/\/portshuttle-rotterdam.com\/de\/datenschutzbestimmungen\/#breadcrumb"},"inLanguage":"de","potentialAction":[{"@type":"ReadAction","target":["https:\/\/portshuttle-rotterdam.com\/de\/datenschutzbestimmungen\/"]}]},{"@type":"BreadcrumbList","@id":"https:\/\/portshuttle-rotterdam.com\/de\/datenschutzbestimmungen\/#breadcrumb","itemListElement":[{"@type":"ListItem","position":1,"name":"Home","item":"https:\/\/portshuttle-rotterdam.com\/de\/"},{"@type":"ListItem","position":2,"name":"Datenschutzbestimmungen"}]},{"@type":"WebSite","@id":"https:\/\/portshuttle-rotterdam.com\/#website","url":"https:\/\/portshuttle-rotterdam.com\/","name":"PortShuttle Rotterdam","description":"","alternateName":"PortShuttle Rotterdam","potentialAction":[{"@type":"SearchAction","target":{"@type":"EntryPoint","urlTemplate":"https:\/\/portshuttle-rotterdam.com\/?s={search_term_string}"},"query-input":{"@type":"PropertyValueSpecification","valueRequired":true,"valueName":"search_term_string"}}],"inLanguage":"de"}]}},"_links":{"self":[{"href":"https:\/\/portshuttle-rotterdam.com\/de\/wp-json\/wp\/v2\/pages\/1806","targetHints":{"allow":["GET"]}}],"collection":[{"href":"https:\/\/portshuttle-rotterdam.com\/de\/wp-json\/wp\/v2\/pages"}],"about":[{"href":"https:\/\/portshuttle-rotterdam.com\/de\/wp-json\/wp\/v2\/types\/page"}],"author":[{"embeddable":true,"href":"https:\/\/portshuttle-rotterdam.com\/de\/wp-json\/wp\/v2\/users\/1"}],"replies":[{"embeddable":true,"href":"https:\/\/portshuttle-rotterdam.com\/de\/wp-json\/wp\/v2\/comments?post=1806"}],"version-history":[{"count":5,"href":"https:\/\/portshuttle-rotterdam.com\/de\/wp-json\/wp\/v2\/pages\/1806\/revisions"}],"predecessor-version":[{"id":2124,"href":"https:\/\/portshuttle-rotterdam.com\/de\/wp-json\/wp\/v2\/pages\/1806\/revisions\/2124"}],"wp:attachment":[{"href":"https:\/\/portshuttle-rotterdam.com\/de\/wp-json\/wp\/v2\/media?parent=1806"}],"curies":[{"name":"wp","href":"https:\/\/api.w.org\/{rel}","templated":true}]}}