{"id":1784,"date":"2024-03-25T15:18:36","date_gmt":"2024-03-25T15:18:36","guid":{"rendered":"http:\/\/portshuttle-rotterdam.com\/?page_id=1784"},"modified":"2024-07-10T13:03:16","modified_gmt":"2024-07-10T13:03:16","slug":"haftungsausschluss","status":"publish","type":"page","link":"https:\/\/portshuttle-rotterdam.com\/de\/haftungsausschluss\/","title":{"rendered":"Haftungsausschluss"},"content":{"rendered":"[vc_row type=&#8220;full_width_background&#8220; full_screen_row_position=&#8220;middle&#8220; column_margin=&#8220;default&#8220; equal_height=&#8220;yes&#8220; column_direction=&#8220;default&#8220; column_direction_tablet=&#8220;default&#8220; column_direction_phone=&#8220;default&#8220; bg_color=&#8220;#011838&#8243; bg_image=&#8220;372&#8243; bg_position=&#8220;left top&#8220; background_image_loading=&#8220;default&#8220; bg_repeat=&#8220;no-repeat&#8220; video_bg=&#8220;use_video&#8220; background_video_loading=&#8220;default&#8220; scene_position=&#8220;center&#8220; top_padding=&#8220;15%&#8220; text_color=&#8220;light&#8220; text_align=&#8220;left&#8220; row_border_radius=&#8220;none&#8220; row_border_radius_applies=&#8220;bg&#8220; overflow=&#8220;visible&#8220; class=&#8220;vh-60&#8243; enable_gradient=&#8220;true&#8220; color_overlay=&#8220;#011838&#8243; overlay_strength=&#8220;0.5&#8243; gradient_direction=&#8220;left_to_right&#8220; shape_divider_position=&#8220;bottom&#8220; bg_image_animation=&#8220;none&#8220; parallax_bg=&#8220;true&#8220; parallax_bg_speed=&#8220;fast&#8220; video_mute=&#8220;true&#8220; gradient_type=&#8220;default&#8220; shape_type=&#8220;&#8220;][vc_column bottom_padding_desktop=&#8220;18%&#8220; column_element_direction_desktop=&#8220;default&#8220; column_element_spacing=&#8220;default&#8220; desktop_text_alignment=&#8220;default&#8220; tablet_text_alignment=&#8220;default&#8220; phone_text_alignment=&#8220;default&#8220; background_color_opacity=&#8220;1&#8243; background_hover_color_opacity=&#8220;1&#8243; column_backdrop_filter=&#8220;none&#8220; column_shadow=&#8220;none&#8220; column_border_radius=&#8220;none&#8220; column_link_target=&#8220;_self&#8220; column_position=&#8220;default&#8220; gradient_direction=&#8220;left_to_right&#8220; overlay_strength=&#8220;0.3&#8243; width=&#8220;1\/2&#8243; tablet_width_inherit=&#8220;default&#8220; animation_type=&#8220;default&#8220; bg_image_animation=&#8220;none&#8220; border_type=&#8220;simple&#8220; column_border_width=&#8220;none&#8220; column_border_style=&#8220;solid&#8220; column_padding_type=&#8220;advanced&#8220; gradient_type=&#8220;default&#8220;][vc_column_text]\n<h1>HAFTUNGSAUSSCHLUSS<\/h1>\n[\/vc_column_text][vc_column_text el_class=&#8220;subzin&#8220;]\n<p class=\"vc_custom_heading\">Wie gehen wir mit allen Daten um?<\/p>\n[\/vc_column_text][\/vc_column][vc_column column_padding=&#8220;no-extra-padding&#8220; column_padding_tablet=&#8220;inherit&#8220; column_padding_phone=&#8220;inherit&#8220; column_padding_position=&#8220;all&#8220; column_element_direction_desktop=&#8220;default&#8220; column_element_spacing=&#8220;default&#8220; desktop_text_alignment=&#8220;default&#8220; tablet_text_alignment=&#8220;default&#8220; phone_text_alignment=&#8220;default&#8220; background_color_opacity=&#8220;1&#8243; background_hover_color_opacity=&#8220;1&#8243; column_backdrop_filter=&#8220;none&#8220; column_shadow=&#8220;none&#8220; column_border_radius=&#8220;none&#8220; column_link_target=&#8220;_self&#8220; column_position=&#8220;default&#8220; gradient_direction=&#8220;left_to_right&#8220; overlay_strength=&#8220;0.3&#8243; width=&#8220;1\/2&#8243; tablet_width_inherit=&#8220;default&#8220; animation_type=&#8220;default&#8220; bg_image_animation=&#8220;none&#8220; border_type=&#8220;simple&#8220; column_border_width=&#8220;none&#8220; column_border_style=&#8220;solid&#8220; column_padding_type=&#8220;default&#8220; gradient_type=&#8220;default&#8220;][image_with_animation image_url=&#8220;24&#8243; image_size=&#8220;full&#8220; animation_type=&#8220;entrance&#8220; animation=&#8220;None&#8220; animation_movement_type=&#8220;transform_y&#8220; hover_animation=&#8220;none&#8220; alignment=&#8220;&#8220; border_radius=&#8220;none&#8220; box_shadow=&#8220;none&#8220; image_loading=&#8220;default&#8220; max_width=&#8220;150%&#8220; max_width_mobile=&#8220;default&#8220; position_desktop=&#8220;relative&#8220; top_position_desktop=&#8220;-100px&#8220; left_position_desktop=&#8220;-50px&#8220;][\/vc_column][\/vc_row][vc_row type=&#8220;full_width_background&#8220; full_screen_row_position=&#8220;middle&#8220; column_margin=&#8220;default&#8220; equal_height=&#8220;yes&#8220; content_placement=&#8220;middle&#8220; column_direction=&#8220;default&#8220; column_direction_tablet=&#8220;default&#8220; column_direction_phone=&#8220;default&#8220; bg_image=&#8220;301&#8243; bg_position=&#8220;left top&#8220; background_image_loading=&#8220;default&#8220; bg_repeat=&#8220;no-repeat&#8220; scene_position=&#8220;center&#8220; top_padding=&#8220;7%&#8220; constrain_group_1=&#8220;yes&#8220; bottom_padding=&#8220;7%&#8220; text_color=&#8220;dark&#8220; text_align=&#8220;left&#8220; row_border_radius=&#8220;none&#8220; row_border_radius_applies=&#8220;bg&#8220; zindex=&#8220;100&#8243; overflow=&#8220;visible&#8220; overlay_strength=&#8220;0.3&#8243; gradient_direction=&#8220;left_to_right&#8220; shape_divider_position=&#8220;bottom&#8220; bg_image_animation=&#8220;none&#8220; gradient_type=&#8220;default&#8220; shape_type=&#8220;&#8220;][vc_column column_padding=&#8220;padding-5-percent&#8220; column_padding_tablet=&#8220;inherit&#8220; column_padding_phone=&#8220;inherit&#8220; column_padding_position=&#8220;right&#8220; column_element_direction_desktop=&#8220;default&#8220; column_element_spacing=&#8220;default&#8220; desktop_text_alignment=&#8220;default&#8220; tablet_text_alignment=&#8220;default&#8220; phone_text_alignment=&#8220;default&#8220; background_color_opacity=&#8220;1&#8243; background_hover_color_opacity=&#8220;1&#8243; column_backdrop_filter=&#8220;none&#8220; column_shadow=&#8220;none&#8220; column_border_radius=&#8220;none&#8220; column_link_target=&#8220;_self&#8220; column_position=&#8220;default&#8220; gradient_direction=&#8220;left_to_right&#8220; overlay_strength=&#8220;0.3&#8243; width=&#8220;1\/1&#8243; tablet_width_inherit=&#8220;default&#8220; animation_type=&#8220;default&#8220; bg_image_animation=&#8220;none&#8220; border_type=&#8220;simple&#8220; column_border_width=&#8220;none&#8220; column_border_style=&#8220;solid&#8220; column_padding_type=&#8220;default&#8220; gradient_type=&#8220;default&#8220;][vc_column_text]\n<h2>Gezeigte Informationen<\/h2>\n[\/vc_column_text][vc_column_text]Die Informationen auf portshuttle-rotterdam.com werden unter der Verantwortung von PortShuttle Rotterdam B.V. (im Folgenden: PortShuttle) zur Verf\u00fcgung gestellt. PortShuttle bem\u00fcht sich nach besten Kr\u00e4ften, den Inhalt von portshuttle-rotterdam.com so aktuell, zug\u00e4nglich, korrekt und vollst\u00e4ndig wie m\u00f6glich zu gestalten und zu halten. Dennoch kann PortShuttle nicht f\u00fcr die Richtigkeit und Vollst\u00e4ndigkeit garantieren. \u00dcber diese Website informiert PortShuttle \u00fcber Produkte und Dienstleistungen, die von PortShuttle angeboten werden. \u00c4nderungen und Korrekturen k\u00f6nnen ohne vorherige Ank\u00fcndigung vorgenommen werden. PortShuttle Rotterdam B.V. \u00fcbernimmt keine Haftung f\u00fcr die (ununterbrochene) Funktionalit\u00e4t dieser Website.[\/vc_column_text][vc_column_text]\n<h2>Richtigkeit und Vollst\u00e4ndigkeit<\/h2>\n[\/vc_column_text][vc_column_text]PortShuttle, seine Vorstandsmitglieder und Direktoren \u00fcbernehmen keine Haftung f\u00fcr die Richtigkeit und Vollst\u00e4ndigkeit der auf der Website angegebenen Daten und sind in keinem Fall haftbar f\u00fcr Verluste, Sch\u00e4den, Kosten oder Ausgaben jeglicher Art (insbesondere entgangener Gewinn, Nutzungsausfall, direkte, indirekte, zus\u00e4tzliche oder Folgesch\u00e4den), die aus Fehlern, Auslassungen oder anderen Unvollkommenheiten in den \u00fcber portshuttle-rotterdam.com erhaltenen Informationen resultieren.[\/vc_column_text][vc_column_text]\n<h2>Externe links<\/h2>\n[\/vc_column_text][vc_column_text]An verschiedenen Stellen auf portshuttle-rotterdam.com bieten wir automatische Verkn\u00fcpfungen (Links) zu anderen Internetseiten an, die sich auf spezifische Aspekte dieser Website beziehen. Verweise auf Websites, die nicht von PortShuttle betrieben werden, dienen der Information und dem Komfort der Besucher. PortShuttle ist bei der Auswahl der verlinkten Websites \u00e4u\u00dferst sorgf\u00e4ltig. Dennoch kann PortShuttle nicht f\u00fcr den Inhalt und die Funktionsf\u00e4higkeit dieser Websites sowie f\u00fcr die Qualit\u00e4t etwaiger auf ihnen angebotener Produkte und\/oder Dienstleistungen garantieren. Wir lehnen jede Haftung im Zusammenhang mit Websites ab, die nicht von PortShuttle betrieben werden. Die Erw\u00e4hnung von Produkten oder Dienstleistungen auf der Website stellt kein Angebot zum Verkauf oder zur Lieferung dieses Produkts oder dieser Dienstleistung dar.[\/vc_column_text][\/vc_column][\/vc_row]\n","protected":false},"excerpt":{"rendered":"<p>[vc_row type=&#8220;full_width_background&#8220; full_screen_row_position=&#8220;middle&#8220; column_margin=&#8220;default&#8220; equal_height=&#8220;yes&#8220; column_direction=&#8220;default&#8220; column_direction_tablet=&#8220;default&#8220; column_direction_phone=&#8220;default&#8220; bg_color=&#8220;#011838&#8243; bg_image=&#8220;372&#8243; bg_position=&#8220;left top&#8220; background_image_loading=&#8220;default&#8220; bg_repeat=&#8220;no-repeat&#8220; video_bg=&#8220;use_video&#8220; background_video_loading=&#8220;default&#8220; scene_position=&#8220;center&#8220; top_padding=&#8220;15%&#8220; text_color=&#8220;light&#8220; text_align=&#8220;left&#8220; row_border_radius=&#8220;none&#8220; row_border_radius_applies=&#8220;bg&#8220; overflow=&#8220;visible&#8220; class=&#8220;vh-60&#8243; enable_gradient=&#8220;true&#8220; color_overlay=&#8220;#011838&#8243; overlay_strength=&#8220;0.5&#8243; gradient_direction=&#8220;left_to_right&#8220; shape_divider_position=&#8220;bottom&#8220; bg_image_animation=&#8220;none&#8220;&#8230;<\/p>\n","protected":false},"author":1,"featured_media":0,"parent":0,"menu_order":0,"comment_status":"closed","ping_status":"closed","template":"","meta":{"inline_featured_image":false,"footnotes":""},"class_list":["post-1784","page","type-page","status-publish"],"yoast_head":"<!-- This site is optimized with the Yoast SEO plugin v26.8 - https:\/\/yoast.com\/product\/yoast-seo-wordpress\/ -->\n<title>Haftungsausschluss - PortShuttle Rotterdam<\/title>\n<meta name=\"robots\" content=\"noindex, nofollow\" \/>\n<meta property=\"og:locale\" content=\"de_DE\" \/>\n<meta property=\"og:type\" content=\"article\" \/>\n<meta property=\"og:title\" content=\"Haftungsausschluss - PortShuttle Rotterdam\" \/>\n<meta property=\"og:description\" content=\"[vc_row type=&#8220;full_width_background&#8220; full_screen_row_position=&#8220;middle&#8220; column_margin=&#8220;default&#8220; equal_height=&#8220;yes&#8220; column_direction=&#8220;default&#8220; column_direction_tablet=&#8220;default&#8220; column_direction_phone=&#8220;default&#8220; bg_color=&#8220;#011838&#8243; bg_image=&#8220;372&#8243; bg_position=&#8220;left top&#8220; background_image_loading=&#8220;default&#8220; bg_repeat=&#8220;no-repeat&#8220; video_bg=&#8220;use_video&#8220; background_video_loading=&#8220;default&#8220; scene_position=&#8220;center&#8220; top_padding=&#8220;15%&#8220; text_color=&#8220;light&#8220; text_align=&#8220;left&#8220; row_border_radius=&#8220;none&#8220; row_border_radius_applies=&#8220;bg&#8220; overflow=&#8220;visible&#8220; class=&#8220;vh-60&#8243; enable_gradient=&#8220;true&#8220; color_overlay=&#8220;#011838&#8243; overlay_strength=&#8220;0.5&#8243; gradient_direction=&#8220;left_to_right&#8220; shape_divider_position=&#8220;bottom&#8220; bg_image_animation=&#8220;none&#8220;...\" \/>\n<meta property=\"og:url\" content=\"https:\/\/portshuttle-rotterdam.com\/de\/haftungsausschluss\/\" \/>\n<meta property=\"og:site_name\" content=\"PortShuttle Rotterdam\" \/>\n<meta property=\"article:modified_time\" content=\"2024-07-10T13:03:16+00:00\" \/>\n<meta name=\"twitter:card\" content=\"summary_large_image\" \/>\n<meta name=\"twitter:label1\" content=\"Gesch\u00e4tzte Lesezeit\" \/>\n\t<meta name=\"twitter:data1\" content=\"3\u00a0Minuten\" \/>\n<script type=\"application\/ld+json\" class=\"yoast-schema-graph\">{\"@context\":\"https:\/\/schema.org\",\"@graph\":[{\"@type\":\"WebPage\",\"@id\":\"https:\/\/portshuttle-rotterdam.com\/de\/haftungsausschluss\/\",\"url\":\"https:\/\/portshuttle-rotterdam.com\/de\/haftungsausschluss\/\",\"name\":\"Haftungsausschluss - PortShuttle Rotterdam\",\"isPartOf\":{\"@id\":\"https:\/\/portshuttle-rotterdam.com\/#website\"},\"datePublished\":\"2024-03-25T15:18:36+00:00\",\"dateModified\":\"2024-07-10T13:03:16+00:00\",\"breadcrumb\":{\"@id\":\"https:\/\/portshuttle-rotterdam.com\/de\/haftungsausschluss\/#breadcrumb\"},\"inLanguage\":\"de\",\"potentialAction\":[{\"@type\":\"ReadAction\",\"target\":[\"https:\/\/portshuttle-rotterdam.com\/de\/haftungsausschluss\/\"]}]},{\"@type\":\"BreadcrumbList\",\"@id\":\"https:\/\/portshuttle-rotterdam.com\/de\/haftungsausschluss\/#breadcrumb\",\"itemListElement\":[{\"@type\":\"ListItem\",\"position\":1,\"name\":\"Home\",\"item\":\"https:\/\/portshuttle-rotterdam.com\/de\/\"},{\"@type\":\"ListItem\",\"position\":2,\"name\":\"Haftungsausschluss\"}]},{\"@type\":\"WebSite\",\"@id\":\"https:\/\/portshuttle-rotterdam.com\/#website\",\"url\":\"https:\/\/portshuttle-rotterdam.com\/\",\"name\":\"PortShuttle Rotterdam\",\"description\":\"\",\"alternateName\":\"PortShuttle Rotterdam\",\"potentialAction\":[{\"@type\":\"SearchAction\",\"target\":{\"@type\":\"EntryPoint\",\"urlTemplate\":\"https:\/\/portshuttle-rotterdam.com\/?s={search_term_string}\"},\"query-input\":{\"@type\":\"PropertyValueSpecification\",\"valueRequired\":true,\"valueName\":\"search_term_string\"}}],\"inLanguage\":\"de\"}]}<\/script>\n<!-- \/ Yoast SEO plugin. -->","yoast_head_json":{"title":"Haftungsausschluss - PortShuttle Rotterdam","robots":{"index":"noindex","follow":"nofollow"},"og_locale":"de_DE","og_type":"article","og_title":"Haftungsausschluss - PortShuttle Rotterdam","og_description":"[vc_row type=&#8220;full_width_background&#8220; full_screen_row_position=&#8220;middle&#8220; column_margin=&#8220;default&#8220; equal_height=&#8220;yes&#8220; column_direction=&#8220;default&#8220; column_direction_tablet=&#8220;default&#8220; column_direction_phone=&#8220;default&#8220; bg_color=&#8220;#011838&#8243; bg_image=&#8220;372&#8243; bg_position=&#8220;left top&#8220; background_image_loading=&#8220;default&#8220; bg_repeat=&#8220;no-repeat&#8220; video_bg=&#8220;use_video&#8220; background_video_loading=&#8220;default&#8220; scene_position=&#8220;center&#8220; top_padding=&#8220;15%&#8220; text_color=&#8220;light&#8220; text_align=&#8220;left&#8220; row_border_radius=&#8220;none&#8220; row_border_radius_applies=&#8220;bg&#8220; overflow=&#8220;visible&#8220; class=&#8220;vh-60&#8243; enable_gradient=&#8220;true&#8220; color_overlay=&#8220;#011838&#8243; overlay_strength=&#8220;0.5&#8243; gradient_direction=&#8220;left_to_right&#8220; shape_divider_position=&#8220;bottom&#8220; bg_image_animation=&#8220;none&#8220;...","og_url":"https:\/\/portshuttle-rotterdam.com\/de\/haftungsausschluss\/","og_site_name":"PortShuttle Rotterdam","article_modified_time":"2024-07-10T13:03:16+00:00","twitter_card":"summary_large_image","twitter_misc":{"Gesch\u00e4tzte Lesezeit":"3\u00a0Minuten"},"schema":{"@context":"https:\/\/schema.org","@graph":[{"@type":"WebPage","@id":"https:\/\/portshuttle-rotterdam.com\/de\/haftungsausschluss\/","url":"https:\/\/portshuttle-rotterdam.com\/de\/haftungsausschluss\/","name":"Haftungsausschluss - PortShuttle Rotterdam","isPartOf":{"@id":"https:\/\/portshuttle-rotterdam.com\/#website"},"datePublished":"2024-03-25T15:18:36+00:00","dateModified":"2024-07-10T13:03:16+00:00","breadcrumb":{"@id":"https:\/\/portshuttle-rotterdam.com\/de\/haftungsausschluss\/#breadcrumb"},"inLanguage":"de","potentialAction":[{"@type":"ReadAction","target":["https:\/\/portshuttle-rotterdam.com\/de\/haftungsausschluss\/"]}]},{"@type":"BreadcrumbList","@id":"https:\/\/portshuttle-rotterdam.com\/de\/haftungsausschluss\/#breadcrumb","itemListElement":[{"@type":"ListItem","position":1,"name":"Home","item":"https:\/\/portshuttle-rotterdam.com\/de\/"},{"@type":"ListItem","position":2,"name":"Haftungsausschluss"}]},{"@type":"WebSite","@id":"https:\/\/portshuttle-rotterdam.com\/#website","url":"https:\/\/portshuttle-rotterdam.com\/","name":"PortShuttle Rotterdam","description":"","alternateName":"PortShuttle Rotterdam","potentialAction":[{"@type":"SearchAction","target":{"@type":"EntryPoint","urlTemplate":"https:\/\/portshuttle-rotterdam.com\/?s={search_term_string}"},"query-input":{"@type":"PropertyValueSpecification","valueRequired":true,"valueName":"search_term_string"}}],"inLanguage":"de"}]}},"_links":{"self":[{"href":"https:\/\/portshuttle-rotterdam.com\/de\/wp-json\/wp\/v2\/pages\/1784","targetHints":{"allow":["GET"]}}],"collection":[{"href":"https:\/\/portshuttle-rotterdam.com\/de\/wp-json\/wp\/v2\/pages"}],"about":[{"href":"https:\/\/portshuttle-rotterdam.com\/de\/wp-json\/wp\/v2\/types\/page"}],"author":[{"embeddable":true,"href":"https:\/\/portshuttle-rotterdam.com\/de\/wp-json\/wp\/v2\/users\/1"}],"replies":[{"embeddable":true,"href":"https:\/\/portshuttle-rotterdam.com\/de\/wp-json\/wp\/v2\/comments?post=1784"}],"version-history":[{"count":1,"href":"https:\/\/portshuttle-rotterdam.com\/de\/wp-json\/wp\/v2\/pages\/1784\/revisions"}],"predecessor-version":[{"id":1785,"href":"https:\/\/portshuttle-rotterdam.com\/de\/wp-json\/wp\/v2\/pages\/1784\/revisions\/1785"}],"wp:attachment":[{"href":"https:\/\/portshuttle-rotterdam.com\/de\/wp-json\/wp\/v2\/media?parent=1784"}],"curies":[{"name":"wp","href":"https:\/\/api.w.org\/{rel}","templated":true}]}}